{"id":3,"date":"2019-05-29T14:53:29","date_gmt":"2019-05-29T12:53:29","guid":{"rendered":"http:\/\/www.bintertraining.com\/?page_id=3"},"modified":"2020-05-06T12:52:20","modified_gmt":"2020-05-06T11:52:20","slug":"politica-privacidad","status":"publish","type":"page","link":"https:\/\/www.aeronauticaltrainingcanarias.com\/index.php\/politica-privacidad\/","title":{"rendered":"Pol\u00edtica de privacidad"},"content":{"rendered":"\n<div class=\"section-title-group\"><h2 class=\"section-title\">Pol\u00edtica de privacidad y protecci\u00f3n de datos<\/h2><\/div>\n\n\n\n<h3 class=\"wp-block-heading\">1. Alcance de la pol\u00edtica<\/h3>\n\n\n\n<p>La presente pol\u00edtica ser\u00e1 aplicable a todas aquellas personas que faciliten sus datos personales a BINTER FORMACION SL, con independencia de la v\u00eda utilizada para ello. <\/p>\n\n\n\n<h3 class=\"wp-block-heading\">2. Responsable del tratamiento<\/h3>\n\n\n\n<p>Binter Formaci\u00f3n S.L, (en adelante, Binter Formaci\u00f3n) Calle Las Adelfas, 7A, Manzana 4, Parcela 134, 1\u00aa Fase del Pol\u00edgono Industrial de Arinaga, 35118, Ag\u00fcimes.<\/p>\n\n\n\n<h3 class=\"wp-block-heading\">3. Medidas de seguridad<\/h3>\n\n\n\n<p>Binter Formaci\u00f3n ha adoptado las medidas de seguridad pertinentes para garantizar la privacidad, confidencialidad y seguridad de los datos de car\u00e1cter personal, con el fin de evitar su alteraci\u00f3n, p\u00e9rdida, tratamiento o acceso no autorizado.<\/p>\n\n\n\n<h3 class=\"wp-block-heading\">4. Finalidad del tratamiento, legimitaci\u00f3n y plazo de conservaci\u00f3n de los datos<\/h3>\n\n\n\n<p>Binter Formaci\u00f3n tratar\u00e1 los datos personales recabados con las siguientes finalidades y legitimaci\u00f3n:<\/p>\n\n\n\n<ol class=\"wp-block-list\"><li><strong>Tramitar la inscripci\u00f3n y participaci\u00f3n de los alumnos<\/strong> a los distintos programas formativos impartidos por esta o, por empresas colaboradoras, en atenci\u00f3n a la relaci\u00f3n contractual derivada de la formalizaci\u00f3n de la correspondiente matr\u00edcula y con el fin de dar cumplimiento con las obligaciones asumidas. Los datos facilitados y los que pudieran generarse a lo largo de la relaci\u00f3n contractual ser\u00e1n conservados, una vez finalizado esta hasta el vencimiento de plazo de prescripci\u00f3n de acciones que en cada caso determine la normativa vigente.<\/li><li><strong>Gestionar la participaci\u00f3n de candidatos en las ofertas de empleo intermediadas por esta, como Empleo<\/strong> acreditada, en atenci\u00f3n al consentimiento prestado por el candidato al facilitar su CV y otra informaci\u00f3n derivada de su perfil. Este tratamiento incluye el env\u00edo de comunicaciones electr\u00f3nicas al candidato sobre ofertas de empleo de su inter\u00e9s, seguimiento de candidaturas y otro tipo de informaciones relacionadas que pudieran resultar necesarias para la prestaci\u00f3n de este servicio. El interesado podr\u00e1 revocar su consentimiento en cualquier momento, mediante las v\u00edas indicadas en el apartado Ejercicio de Derechos de la presente pol\u00edtica. Los datos ser\u00e1n conservados en tanto sean necesarios para el cumplimiento de la finalidad referida, superado el cual, ser\u00e1n eliminados. <\/li><li> <strong>Atender consultas, solicitudes o cualquier comunicaci\u00f3n<\/strong> realizada a trav\u00e9s de las v\u00edas habilitadas para ello (tel\u00e9fono, email, formularios\u2026) sobre la base de inter\u00e9s leg\u00edtimo del Responsable en identificar al solicitante para poder cursar la misma de manera eficiente. Los datos ser\u00e1n conservados en tanto sean necesarios para el cumplimiento de la finalidad referida, superado el cual, ser\u00e1n eliminados. <\/li><\/ol>\n\n\n\n<h3 class=\"wp-block-heading\">5. Env\u00edo de comunicaciones comerciales.<\/h3>\n\n\n\n<p>En el caso de que el interesado haya participado como alumno en alguna formaci\u00f3n impartida por el Responsable, este podr\u00e1 remitirle comunicaciones comerciales por v\u00eda electr\u00f3nica, referentes a productos o servicios similares, sobre la base de la relaci\u00f3n contractual previa y, de conformidad con lo indicado en el art\u00edculo 21 de la 34\/2002 de 11 de julio, de Servicios de la Sociedad de la Informaci\u00f3n y de Comercio Electr\u00f3nico.<\/p>\n\n\n\n<p>En cualquier momento, el usuario podr\u00e1 oponerse a este tratamiento o solicitar la baja del env\u00edo de comunicaciones comerciales electr\u00f3nicas, en cada una de las comunicaciones remitidas, conforme las instrucciones indicadas en cada env\u00edo.<\/p>\n\n\n\n<h3 class=\"wp-block-heading\">6. Cesiones y comunicaciones de datos<\/h3>\n\n\n\n<p>Los datos personales podr\u00e1n ser comunicados a\nempresas y empleadores cuyas ofertas de trabajo sean intermediadas por el\nResponsable, como Empleo.<\/p>\n\n\n\n<p>As\u00ed mismo, los datos personales podr\u00e1n ser comunicados a Organismos P\u00fablicos (AESA, FUNDAE principalmente) y otras Administraciones P\u00fablicas, en atenci\u00f3n a las obligaciones que le son exigibles al Responsable. No se realizar\u00e1n transferencias internacionales de datos.<\/p>\n\n\n\n<h3 class=\"wp-block-heading\">7. Ejercicio de derechos<\/h3>\n\n\n\n<p>El interesado podr\u00e1 revocar su consentimiento as\u00ed como ejercer sus derechos de acceso, rectificaci\u00f3n, cancelaci\u00f3n, limitaci\u00f3n del tratamiento, supresi\u00f3n, portabilidad y oposici\u00f3n dirigi\u00e9ndose por escrito y acompa\u00f1ando copia del DNI, a la siguiente direcci\u00f3n de correo postal: Calle Las Adelfas, 7A, Manzana 4, Parcela 134, 1\u00aa Fase del Pol\u00edgono Industrial de Arinaga, 35118, Ag\u00fcimes  o por email a <a href=\"mailto:lopd@bintersistemas.com\">lopd@bintersistemas.com<\/a> Sin perjuicio de su derecho a acudir ante la Autoridad de Control (<a href=\"http:\/\/www.aepd.es\">www.aepd.es<\/a>).<\/p>\n","protected":false},"excerpt":{"rendered":"<p>Pol\u00edtica de privacidad y protecci\u00f3n de datos 1. Alcance de la pol\u00edtica La presente pol\u00edtica ser\u00e1 aplicable a todas aquellas personas que faciliten sus datos personales a BINTER FORMACION SL, con independencia de la v\u00eda utilizada para ello. 2. Responsable del tratamiento Binter Formaci\u00f3n S.L, (en adelante, Binter Formaci\u00f3n) Calle Las Adelfas, 7A, Manzana 4, [&hellip;]<\/p>\n","protected":false},"author":1,"featured_media":0,"parent":0,"menu_order":0,"comment_status":"closed","ping_status":"open","template":"","meta":{"_themeisle_gutenberg_block_has_review":false,"footnotes":""},"class_list":["post-3","page","type-page","status-publish","hentry"],"yoast_head":"<!-- This site is optimized with the Yoast SEO plugin v24.2 - https:\/\/yoast.com\/wordpress\/plugins\/seo\/ -->\n<title>Pol\u00edtica de privacidad - Aeronautical Training Canarias<\/title>\n<meta name=\"robots\" content=\"index, follow, max-snippet:-1, max-image-preview:large, max-video-preview:-1\" \/>\n<link rel=\"canonical\" href=\"https:\/\/www.aeronauticaltrainingcanarias.com\/index.php\/politica-privacidad\/\" \/>\n<meta property=\"og:locale\" content=\"es_ES\" \/>\n<meta property=\"og:type\" content=\"article\" \/>\n<meta property=\"og:title\" content=\"Pol\u00edtica de privacidad - Aeronautical Training Canarias\" \/>\n<meta property=\"og:description\" content=\"Pol\u00edtica de privacidad y protecci\u00f3n de datos 1. Alcance de la pol\u00edtica La presente pol\u00edtica ser\u00e1 aplicable a todas aquellas personas que faciliten sus datos personales a BINTER FORMACION SL, con independencia de la v\u00eda utilizada para ello. 2. Responsable del tratamiento Binter Formaci\u00f3n S.L, (en adelante, Binter Formaci\u00f3n) Calle Las Adelfas, 7A, Manzana 4, [&hellip;]\" \/>\n<meta property=\"og:url\" content=\"https:\/\/www.aeronauticaltrainingcanarias.com\/index.php\/politica-privacidad\/\" \/>\n<meta property=\"og:site_name\" content=\"Aeronautical Training Canarias\" \/>\n<meta property=\"article:modified_time\" content=\"2020-05-06T11:52:20+00:00\" \/>\n<meta name=\"twitter:card\" content=\"summary_large_image\" \/>\n<meta name=\"twitter:label1\" content=\"Tiempo de lectura\" \/>\n\t<meta name=\"twitter:data1\" content=\"3 minutos\" \/>\n<script type=\"application\/ld+json\" class=\"yoast-schema-graph\">{\"@context\":\"https:\/\/schema.org\",\"@graph\":[{\"@type\":\"WebPage\",\"@id\":\"https:\/\/www.aeronauticaltrainingcanarias.com\/index.php\/politica-privacidad\/\",\"url\":\"https:\/\/www.aeronauticaltrainingcanarias.com\/index.php\/politica-privacidad\/\",\"name\":\"Pol\u00edtica de privacidad - Aeronautical Training Canarias\",\"isPartOf\":{\"@id\":\"https:\/\/www.aeronauticaltrainingcanarias.com\/#website\"},\"datePublished\":\"2019-05-29T12:53:29+00:00\",\"dateModified\":\"2020-05-06T11:52:20+00:00\",\"breadcrumb\":{\"@id\":\"https:\/\/www.aeronauticaltrainingcanarias.com\/index.php\/politica-privacidad\/#breadcrumb\"},\"inLanguage\":\"es\",\"potentialAction\":[{\"@type\":\"ReadAction\",\"target\":[\"https:\/\/www.aeronauticaltrainingcanarias.com\/index.php\/politica-privacidad\/\"]}]},{\"@type\":\"BreadcrumbList\",\"@id\":\"https:\/\/www.aeronauticaltrainingcanarias.com\/index.php\/politica-privacidad\/#breadcrumb\",\"itemListElement\":[{\"@type\":\"ListItem\",\"position\":1,\"name\":\"Portada\",\"item\":\"https:\/\/www.aeronauticaltrainingcanarias.com\/\"},{\"@type\":\"ListItem\",\"position\":2,\"name\":\"Pol\u00edtica de privacidad\"}]},{\"@type\":\"WebSite\",\"@id\":\"https:\/\/www.aeronauticaltrainingcanarias.com\/#website\",\"url\":\"https:\/\/www.aeronauticaltrainingcanarias.com\/\",\"name\":\"Aeronautical Training Canarias\",\"description\":\"\",\"publisher\":{\"@id\":\"https:\/\/www.aeronauticaltrainingcanarias.com\/#organization\"},\"potentialAction\":[{\"@type\":\"SearchAction\",\"target\":{\"@type\":\"EntryPoint\",\"urlTemplate\":\"https:\/\/www.aeronauticaltrainingcanarias.com\/?s={search_term_string}\"},\"query-input\":{\"@type\":\"PropertyValueSpecification\",\"valueRequired\":true,\"valueName\":\"search_term_string\"}}],\"inLanguage\":\"es\"},{\"@type\":\"Organization\",\"@id\":\"https:\/\/www.aeronauticaltrainingcanarias.com\/#organization\",\"name\":\"Aeronautical Training Canarias\",\"url\":\"https:\/\/www.aeronauticaltrainingcanarias.com\/\",\"logo\":{\"@type\":\"ImageObject\",\"inLanguage\":\"es\",\"@id\":\"https:\/\/www.aeronauticaltrainingcanarias.com\/#\/schema\/logo\/image\/\",\"url\":\"https:\/\/www.aeronauticaltrainingcanarias.com\/wp-content\/uploads\/2023\/05\/cropped-Marca_Aeronautical_NT_exterior.png\",\"contentUrl\":\"https:\/\/www.aeronauticaltrainingcanarias.com\/wp-content\/uploads\/2023\/05\/cropped-Marca_Aeronautical_NT_exterior.png\",\"width\":3502,\"height\":293,\"caption\":\"Aeronautical Training Canarias\"},\"image\":{\"@id\":\"https:\/\/www.aeronauticaltrainingcanarias.com\/#\/schema\/logo\/image\/\"}}]}<\/script>\n<!-- \/ Yoast SEO plugin. -->","yoast_head_json":{"title":"Pol\u00edtica de privacidad - Aeronautical Training Canarias","robots":{"index":"index","follow":"follow","max-snippet":"max-snippet:-1","max-image-preview":"max-image-preview:large","max-video-preview":"max-video-preview:-1"},"canonical":"https:\/\/www.aeronauticaltrainingcanarias.com\/index.php\/politica-privacidad\/","og_locale":"es_ES","og_type":"article","og_title":"Pol\u00edtica de privacidad - Aeronautical Training Canarias","og_description":"Pol\u00edtica de privacidad y protecci\u00f3n de datos 1. Alcance de la pol\u00edtica La presente pol\u00edtica ser\u00e1 aplicable a todas aquellas personas que faciliten sus datos personales a BINTER FORMACION SL, con independencia de la v\u00eda utilizada para ello. 2. Responsable del tratamiento Binter Formaci\u00f3n S.L, (en adelante, Binter Formaci\u00f3n) Calle Las Adelfas, 7A, Manzana 4, [&hellip;]","og_url":"https:\/\/www.aeronauticaltrainingcanarias.com\/index.php\/politica-privacidad\/","og_site_name":"Aeronautical Training Canarias","article_modified_time":"2020-05-06T11:52:20+00:00","twitter_card":"summary_large_image","twitter_misc":{"Tiempo de lectura":"3 minutos"},"schema":{"@context":"https:\/\/schema.org","@graph":[{"@type":"WebPage","@id":"https:\/\/www.aeronauticaltrainingcanarias.com\/index.php\/politica-privacidad\/","url":"https:\/\/www.aeronauticaltrainingcanarias.com\/index.php\/politica-privacidad\/","name":"Pol\u00edtica de privacidad - Aeronautical Training Canarias","isPartOf":{"@id":"https:\/\/www.aeronauticaltrainingcanarias.com\/#website"},"datePublished":"2019-05-29T12:53:29+00:00","dateModified":"2020-05-06T11:52:20+00:00","breadcrumb":{"@id":"https:\/\/www.aeronauticaltrainingcanarias.com\/index.php\/politica-privacidad\/#breadcrumb"},"inLanguage":"es","potentialAction":[{"@type":"ReadAction","target":["https:\/\/www.aeronauticaltrainingcanarias.com\/index.php\/politica-privacidad\/"]}]},{"@type":"BreadcrumbList","@id":"https:\/\/www.aeronauticaltrainingcanarias.com\/index.php\/politica-privacidad\/#breadcrumb","itemListElement":[{"@type":"ListItem","position":1,"name":"Portada","item":"https:\/\/www.aeronauticaltrainingcanarias.com\/"},{"@type":"ListItem","position":2,"name":"Pol\u00edtica de privacidad"}]},{"@type":"WebSite","@id":"https:\/\/www.aeronauticaltrainingcanarias.com\/#website","url":"https:\/\/www.aeronauticaltrainingcanarias.com\/","name":"Aeronautical Training Canarias","description":"","publisher":{"@id":"https:\/\/www.aeronauticaltrainingcanarias.com\/#organization"},"potentialAction":[{"@type":"SearchAction","target":{"@type":"EntryPoint","urlTemplate":"https:\/\/www.aeronauticaltrainingcanarias.com\/?s={search_term_string}"},"query-input":{"@type":"PropertyValueSpecification","valueRequired":true,"valueName":"search_term_string"}}],"inLanguage":"es"},{"@type":"Organization","@id":"https:\/\/www.aeronauticaltrainingcanarias.com\/#organization","name":"Aeronautical Training Canarias","url":"https:\/\/www.aeronauticaltrainingcanarias.com\/","logo":{"@type":"ImageObject","inLanguage":"es","@id":"https:\/\/www.aeronauticaltrainingcanarias.com\/#\/schema\/logo\/image\/","url":"https:\/\/www.aeronauticaltrainingcanarias.com\/wp-content\/uploads\/2023\/05\/cropped-Marca_Aeronautical_NT_exterior.png","contentUrl":"https:\/\/www.aeronauticaltrainingcanarias.com\/wp-content\/uploads\/2023\/05\/cropped-Marca_Aeronautical_NT_exterior.png","width":3502,"height":293,"caption":"Aeronautical Training Canarias"},"image":{"@id":"https:\/\/www.aeronauticaltrainingcanarias.com\/#\/schema\/logo\/image\/"}}]}},"_links":{"self":[{"href":"https:\/\/www.aeronauticaltrainingcanarias.com\/index.php\/wp-json\/wp\/v2\/pages\/3","targetHints":{"allow":["GET"]}}],"collection":[{"href":"https:\/\/www.aeronauticaltrainingcanarias.com\/index.php\/wp-json\/wp\/v2\/pages"}],"about":[{"href":"https:\/\/www.aeronauticaltrainingcanarias.com\/index.php\/wp-json\/wp\/v2\/types\/page"}],"author":[{"embeddable":true,"href":"https:\/\/www.aeronauticaltrainingcanarias.com\/index.php\/wp-json\/wp\/v2\/users\/1"}],"replies":[{"embeddable":true,"href":"https:\/\/www.aeronauticaltrainingcanarias.com\/index.php\/wp-json\/wp\/v2\/comments?post=3"}],"version-history":[{"count":7,"href":"https:\/\/www.aeronauticaltrainingcanarias.com\/index.php\/wp-json\/wp\/v2\/pages\/3\/revisions"}],"predecessor-version":[{"id":752,"href":"https:\/\/www.aeronauticaltrainingcanarias.com\/index.php\/wp-json\/wp\/v2\/pages\/3\/revisions\/752"}],"wp:attachment":[{"href":"https:\/\/www.aeronauticaltrainingcanarias.com\/index.php\/wp-json\/wp\/v2\/media?parent=3"}],"curies":[{"name":"wp","href":"https:\/\/api.w.org\/{rel}","templated":true}]}}