{"id":321,"date":"2019-07-29T16:32:08","date_gmt":"2019-07-29T14:32:08","guid":{"rendered":"http:\/\/www.bintertraining.com\/?page_id=321"},"modified":"2021-08-31T13:22:28","modified_gmt":"2021-08-31T12:22:28","slug":"sistema-de-interconexion-de-cableado-electrico-ewis-grupo-1-2-inicial","status":"publish","type":"page","link":"https:\/\/www.aeronauticaltrainingcanarias.com\/index.php\/sistema-de-interconexion-de-cableado-electrico-ewis-grupo-1-2-inicial\/","title":{"rendered":"Sistema de Interconexi\u00f3n de Cableado El\u00e9ctrico (EWIS) Grupo 1 &#038; 2 Inicial"},"content":{"rendered":"\n<h2 class=\"wp-block-heading\">Objetivo:<\/h2>\n\n\n\n<p>Proporcionar los conocimientos necesarios para la adquisici\u00f3n de la competencia en relaci\u00f3n a los siguientes puntos: <\/p>\n\n\n\n<ul class=\"wp-block-list\"><li> Conocer o demostrar un manejo seguro de los sistemas el\u00e9ctricos de los aviones, unidades reemplazables por l\u00ednea (LRU), herramientas, procedimientos de soluci\u00f3n de problemas y medici\u00f3n el\u00e9ctrica. <\/li><li> Conocer o demostrar el uso de manuales aplicables de revisi\u00f3n o pr\u00e1cticas del sistema de cableado del avi\u00f3n.<\/li><li> Conocer los diferentes tipos de inspecciones, factores humanos en inspecciones, \u00e1reas zonales y da\u00f1os t\u00edpicos. <\/li><li> Conocer las fuentes de contaminaci\u00f3n, los materiales, los procedimientos de limpieza y protecci\u00f3n. <\/li><li> Conocer o demostrar la identificaci\u00f3n correcta de los diferentes tipos de cables, sus criterios de inspecci\u00f3n y tolerancia al da\u00f1o, procedimientos de reparaci\u00f3n y mantenimiento preventivo. <\/li><li> Conocer o demostrar los procedimientos para identificar, inspeccionar y encontrar la reparaci\u00f3n correcta para los tipos t\u00edpicos de dispositivos de conexi\u00f3n que se encuentran en el avi\u00f3n correspondiente. <\/li><li> Demostrar los procedimientos para el reemplazo de todas las partes de los tipos t\u00edpicos de conectores que se encuentran en el avi\u00f3n correspondiente.  <\/li><\/ul>\n\n\n\n<h2 class=\"wp-block-heading\">Programa:<\/h2>\n\n\n\n<p>M\u00f3dulo A. Pr\u00e1cticas generales de Ewis.<\/p>\n\n\n\n<p>M\u00f3dulo B. Manuales y documentaci\u00f3n para los trabajos en la instalaci\u00f3n el\u00e9ctrica de la aeronave.<\/p>\n\n\n\n<p>M\u00f3dulo C. Inspecciones.<\/p>\n\n\n\n<p>M\u00f3dulo D. Limpieza.<\/p>\n\n\n\n<p>M\u00f3dulo E. Cables.<\/p>\n\n\n\n<p>M\u00f3dulo F. Dispositivos de conexi\u00f3n.<\/p>\n\n\n\n<p>M\u00f3dulo G. Reparaciones de dispositivos de conexi\u00f3n.<\/p>\n\n\n\n<h2 class=\"wp-block-heading\">Designaci\u00f3n:<\/h2>\n\n\n\n<p>SYL-EWIS1&amp;2-INI<\/p>\n\n\n\n<h2 class=\"wp-block-heading\">Horas:<\/h2>\n\n\n\n<p>22<\/p>\n\n\n\n<div class=\"wp-block-file\"><a href=\"https:\/\/www.aeronauticaltrainingcanarias.com\/wp-content\/uploads\/2021\/08\/Ewis-Grupo-12-Inicial.pdf\">Ewis-Grupo-12-Inicial<\/a><a href=\"https:\/\/www.aeronauticaltrainingcanarias.com\/wp-content\/uploads\/2021\/08\/Ewis-Grupo-12-Inicial.pdf\" class=\"wp-block-file__button\" download>Programa Formativo<\/a><\/div>\n","protected":false},"excerpt":{"rendered":"<p>Objetivo: Proporcionar los conocimientos necesarios para la adquisici\u00f3n de la competencia en relaci\u00f3n a los siguientes puntos: Conocer o demostrar un manejo seguro de los sistemas el\u00e9ctricos de los aviones, unidades reemplazables por l\u00ednea (LRU), herramientas, procedimientos de soluci\u00f3n de problemas y medici\u00f3n el\u00e9ctrica. Conocer o demostrar el uso de manuales aplicables de revisi\u00f3n o [&hellip;]<\/p>\n","protected":false},"author":1,"featured_media":0,"parent":0,"menu_order":0,"comment_status":"closed","ping_status":"closed","template":"","meta":{"_themeisle_gutenberg_block_has_review":false,"footnotes":""},"class_list":["post-321","page","type-page","status-publish","hentry"],"yoast_head":"<!-- This site is optimized with the Yoast SEO plugin v24.2 - https:\/\/yoast.com\/wordpress\/plugins\/seo\/ -->\n<title>Sistema de Interconexi\u00f3n de Cableado El\u00e9ctrico (EWIS) Grupo 1 &amp; 2 Inicial - Aeronautical Training Canarias<\/title>\n<meta name=\"robots\" content=\"index, follow, max-snippet:-1, max-image-preview:large, max-video-preview:-1\" \/>\n<link rel=\"canonical\" href=\"https:\/\/www.aeronauticaltrainingcanarias.com\/index.php\/sistema-de-interconexion-de-cableado-electrico-ewis-grupo-1-2-inicial\/\" \/>\n<meta property=\"og:locale\" content=\"es_ES\" \/>\n<meta property=\"og:type\" content=\"article\" \/>\n<meta property=\"og:title\" content=\"Sistema de Interconexi\u00f3n de Cableado El\u00e9ctrico (EWIS) Grupo 1 &amp; 2 Inicial - Aeronautical Training Canarias\" \/>\n<meta property=\"og:description\" content=\"Objetivo: Proporcionar los conocimientos necesarios para la adquisici\u00f3n de la competencia en relaci\u00f3n a los siguientes puntos: Conocer o demostrar un manejo seguro de los sistemas el\u00e9ctricos de los aviones, unidades reemplazables por l\u00ednea (LRU), herramientas, procedimientos de soluci\u00f3n de problemas y medici\u00f3n el\u00e9ctrica. Conocer o demostrar el uso de manuales aplicables de revisi\u00f3n o [&hellip;]\" \/>\n<meta property=\"og:url\" content=\"https:\/\/www.aeronauticaltrainingcanarias.com\/index.php\/sistema-de-interconexion-de-cableado-electrico-ewis-grupo-1-2-inicial\/\" \/>\n<meta property=\"og:site_name\" content=\"Aeronautical Training Canarias\" \/>\n<meta property=\"article:modified_time\" content=\"2021-08-31T12:22:28+00:00\" \/>\n<meta name=\"twitter:card\" content=\"summary_large_image\" \/>\n<meta name=\"twitter:label1\" content=\"Tiempo de lectura\" \/>\n\t<meta name=\"twitter:data1\" content=\"1 minuto\" \/>\n<script type=\"application\/ld+json\" class=\"yoast-schema-graph\">{\"@context\":\"https:\/\/schema.org\",\"@graph\":[{\"@type\":\"WebPage\",\"@id\":\"https:\/\/www.aeronauticaltrainingcanarias.com\/index.php\/sistema-de-interconexion-de-cableado-electrico-ewis-grupo-1-2-inicial\/\",\"url\":\"https:\/\/www.aeronauticaltrainingcanarias.com\/index.php\/sistema-de-interconexion-de-cableado-electrico-ewis-grupo-1-2-inicial\/\",\"name\":\"Sistema de Interconexi\u00f3n de Cableado El\u00e9ctrico (EWIS) Grupo 1 & 2 Inicial - Aeronautical Training Canarias\",\"isPartOf\":{\"@id\":\"https:\/\/www.aeronauticaltrainingcanarias.com\/#website\"},\"datePublished\":\"2019-07-29T14:32:08+00:00\",\"dateModified\":\"2021-08-31T12:22:28+00:00\",\"breadcrumb\":{\"@id\":\"https:\/\/www.aeronauticaltrainingcanarias.com\/index.php\/sistema-de-interconexion-de-cableado-electrico-ewis-grupo-1-2-inicial\/#breadcrumb\"},\"inLanguage\":\"es\",\"potentialAction\":[{\"@type\":\"ReadAction\",\"target\":[\"https:\/\/www.aeronauticaltrainingcanarias.com\/index.php\/sistema-de-interconexion-de-cableado-electrico-ewis-grupo-1-2-inicial\/\"]}]},{\"@type\":\"BreadcrumbList\",\"@id\":\"https:\/\/www.aeronauticaltrainingcanarias.com\/index.php\/sistema-de-interconexion-de-cableado-electrico-ewis-grupo-1-2-inicial\/#breadcrumb\",\"itemListElement\":[{\"@type\":\"ListItem\",\"position\":1,\"name\":\"Portada\",\"item\":\"https:\/\/www.aeronauticaltrainingcanarias.com\/\"},{\"@type\":\"ListItem\",\"position\":2,\"name\":\"Sistema de Interconexi\u00f3n de Cableado El\u00e9ctrico (EWIS) Grupo 1 &#038; 2 Inicial\"}]},{\"@type\":\"WebSite\",\"@id\":\"https:\/\/www.aeronauticaltrainingcanarias.com\/#website\",\"url\":\"https:\/\/www.aeronauticaltrainingcanarias.com\/\",\"name\":\"Aeronautical Training Canarias\",\"description\":\"\",\"publisher\":{\"@id\":\"https:\/\/www.aeronauticaltrainingcanarias.com\/#organization\"},\"potentialAction\":[{\"@type\":\"SearchAction\",\"target\":{\"@type\":\"EntryPoint\",\"urlTemplate\":\"https:\/\/www.aeronauticaltrainingcanarias.com\/?s={search_term_string}\"},\"query-input\":{\"@type\":\"PropertyValueSpecification\",\"valueRequired\":true,\"valueName\":\"search_term_string\"}}],\"inLanguage\":\"es\"},{\"@type\":\"Organization\",\"@id\":\"https:\/\/www.aeronauticaltrainingcanarias.com\/#organization\",\"name\":\"Aeronautical Training Canarias\",\"url\":\"https:\/\/www.aeronauticaltrainingcanarias.com\/\",\"logo\":{\"@type\":\"ImageObject\",\"inLanguage\":\"es\",\"@id\":\"https:\/\/www.aeronauticaltrainingcanarias.com\/#\/schema\/logo\/image\/\",\"url\":\"https:\/\/www.aeronauticaltrainingcanarias.com\/wp-content\/uploads\/2023\/05\/cropped-Marca_Aeronautical_NT_exterior.png\",\"contentUrl\":\"https:\/\/www.aeronauticaltrainingcanarias.com\/wp-content\/uploads\/2023\/05\/cropped-Marca_Aeronautical_NT_exterior.png\",\"width\":3502,\"height\":293,\"caption\":\"Aeronautical Training Canarias\"},\"image\":{\"@id\":\"https:\/\/www.aeronauticaltrainingcanarias.com\/#\/schema\/logo\/image\/\"}}]}<\/script>\n<!-- \/ Yoast SEO plugin. -->","yoast_head_json":{"title":"Sistema de Interconexi\u00f3n de Cableado El\u00e9ctrico (EWIS) Grupo 1 & 2 Inicial - Aeronautical Training Canarias","robots":{"index":"index","follow":"follow","max-snippet":"max-snippet:-1","max-image-preview":"max-image-preview:large","max-video-preview":"max-video-preview:-1"},"canonical":"https:\/\/www.aeronauticaltrainingcanarias.com\/index.php\/sistema-de-interconexion-de-cableado-electrico-ewis-grupo-1-2-inicial\/","og_locale":"es_ES","og_type":"article","og_title":"Sistema de Interconexi\u00f3n de Cableado El\u00e9ctrico (EWIS) Grupo 1 & 2 Inicial - Aeronautical Training Canarias","og_description":"Objetivo: Proporcionar los conocimientos necesarios para la adquisici\u00f3n de la competencia en relaci\u00f3n a los siguientes puntos: Conocer o demostrar un manejo seguro de los sistemas el\u00e9ctricos de los aviones, unidades reemplazables por l\u00ednea (LRU), herramientas, procedimientos de soluci\u00f3n de problemas y medici\u00f3n el\u00e9ctrica. Conocer o demostrar el uso de manuales aplicables de revisi\u00f3n o [&hellip;]","og_url":"https:\/\/www.aeronauticaltrainingcanarias.com\/index.php\/sistema-de-interconexion-de-cableado-electrico-ewis-grupo-1-2-inicial\/","og_site_name":"Aeronautical Training Canarias","article_modified_time":"2021-08-31T12:22:28+00:00","twitter_card":"summary_large_image","twitter_misc":{"Tiempo de lectura":"1 minuto"},"schema":{"@context":"https:\/\/schema.org","@graph":[{"@type":"WebPage","@id":"https:\/\/www.aeronauticaltrainingcanarias.com\/index.php\/sistema-de-interconexion-de-cableado-electrico-ewis-grupo-1-2-inicial\/","url":"https:\/\/www.aeronauticaltrainingcanarias.com\/index.php\/sistema-de-interconexion-de-cableado-electrico-ewis-grupo-1-2-inicial\/","name":"Sistema de Interconexi\u00f3n de Cableado El\u00e9ctrico (EWIS) Grupo 1 & 2 Inicial - Aeronautical Training Canarias","isPartOf":{"@id":"https:\/\/www.aeronauticaltrainingcanarias.com\/#website"},"datePublished":"2019-07-29T14:32:08+00:00","dateModified":"2021-08-31T12:22:28+00:00","breadcrumb":{"@id":"https:\/\/www.aeronauticaltrainingcanarias.com\/index.php\/sistema-de-interconexion-de-cableado-electrico-ewis-grupo-1-2-inicial\/#breadcrumb"},"inLanguage":"es","potentialAction":[{"@type":"ReadAction","target":["https:\/\/www.aeronauticaltrainingcanarias.com\/index.php\/sistema-de-interconexion-de-cableado-electrico-ewis-grupo-1-2-inicial\/"]}]},{"@type":"BreadcrumbList","@id":"https:\/\/www.aeronauticaltrainingcanarias.com\/index.php\/sistema-de-interconexion-de-cableado-electrico-ewis-grupo-1-2-inicial\/#breadcrumb","itemListElement":[{"@type":"ListItem","position":1,"name":"Portada","item":"https:\/\/www.aeronauticaltrainingcanarias.com\/"},{"@type":"ListItem","position":2,"name":"Sistema de Interconexi\u00f3n de Cableado El\u00e9ctrico (EWIS) Grupo 1 &#038; 2 Inicial"}]},{"@type":"WebSite","@id":"https:\/\/www.aeronauticaltrainingcanarias.com\/#website","url":"https:\/\/www.aeronauticaltrainingcanarias.com\/","name":"Aeronautical Training Canarias","description":"","publisher":{"@id":"https:\/\/www.aeronauticaltrainingcanarias.com\/#organization"},"potentialAction":[{"@type":"SearchAction","target":{"@type":"EntryPoint","urlTemplate":"https:\/\/www.aeronauticaltrainingcanarias.com\/?s={search_term_string}"},"query-input":{"@type":"PropertyValueSpecification","valueRequired":true,"valueName":"search_term_string"}}],"inLanguage":"es"},{"@type":"Organization","@id":"https:\/\/www.aeronauticaltrainingcanarias.com\/#organization","name":"Aeronautical Training Canarias","url":"https:\/\/www.aeronauticaltrainingcanarias.com\/","logo":{"@type":"ImageObject","inLanguage":"es","@id":"https:\/\/www.aeronauticaltrainingcanarias.com\/#\/schema\/logo\/image\/","url":"https:\/\/www.aeronauticaltrainingcanarias.com\/wp-content\/uploads\/2023\/05\/cropped-Marca_Aeronautical_NT_exterior.png","contentUrl":"https:\/\/www.aeronauticaltrainingcanarias.com\/wp-content\/uploads\/2023\/05\/cropped-Marca_Aeronautical_NT_exterior.png","width":3502,"height":293,"caption":"Aeronautical Training Canarias"},"image":{"@id":"https:\/\/www.aeronauticaltrainingcanarias.com\/#\/schema\/logo\/image\/"}}]}},"_links":{"self":[{"href":"https:\/\/www.aeronauticaltrainingcanarias.com\/index.php\/wp-json\/wp\/v2\/pages\/321","targetHints":{"allow":["GET"]}}],"collection":[{"href":"https:\/\/www.aeronauticaltrainingcanarias.com\/index.php\/wp-json\/wp\/v2\/pages"}],"about":[{"href":"https:\/\/www.aeronauticaltrainingcanarias.com\/index.php\/wp-json\/wp\/v2\/types\/page"}],"author":[{"embeddable":true,"href":"https:\/\/www.aeronauticaltrainingcanarias.com\/index.php\/wp-json\/wp\/v2\/users\/1"}],"replies":[{"embeddable":true,"href":"https:\/\/www.aeronauticaltrainingcanarias.com\/index.php\/wp-json\/wp\/v2\/comments?post=321"}],"version-history":[{"count":5,"href":"https:\/\/www.aeronauticaltrainingcanarias.com\/index.php\/wp-json\/wp\/v2\/pages\/321\/revisions"}],"predecessor-version":[{"id":1091,"href":"https:\/\/www.aeronauticaltrainingcanarias.com\/index.php\/wp-json\/wp\/v2\/pages\/321\/revisions\/1091"}],"wp:attachment":[{"href":"https:\/\/www.aeronauticaltrainingcanarias.com\/index.php\/wp-json\/wp\/v2\/media?parent=321"}],"curies":[{"name":"wp","href":"https:\/\/api.w.org\/{rel}","templated":true}]}}