{"id":8626,"date":"2025-02-20T15:08:18","date_gmt":"2025-02-20T15:08:18","guid":{"rendered":"https:\/\/www.aeronauticaltrainingcanarias.com\/?page_id=8626"},"modified":"2025-02-24T16:01:03","modified_gmt":"2025-02-24T16:01:03","slug":"buscar-denuncias","status":"publish","type":"page","link":"https:\/\/www.aeronauticaltrainingcanarias.com\/index.php\/buscar-denuncias\/","title":{"rendered":"Buscar denuncias"},"content":{"rendered":"\n<div class=\"section-title-group\"><h2 class=\"section-title\">Consultar denuncias<\/h2><\/div>\n\n<div style='position:relative;' id='search_tickets-search' class='emd-form emd-container'><form id='search_tickets' action='\/index.php\/wp-json\/wp\/v2\/pages\/8626' method='post' class='emd-form-container emd-form-horizontal'><input type='hidden' value='search_tickets' name='form_name' id='form_name_0'><input type='hidden' value='8625' name='emd_form_id' id='emd_form_id_0'><input type='hidden' value='wp_ticket_com' name='emd_app' id='emd_app_0'><input type='hidden' value='emd_ticket' name='emd_ent' id='emd_ent_0'><input type='hidden' value='0' name='emd_step' id='emd_step_0'><input type=\"hidden\" id=\"search_tickets_0_nonce\" name=\"search_tickets_0_nonce\" value=\"b595bfa99f\" \/><input type=\"hidden\" name=\"_wp_http_referer\" value=\"\/index.php\/wp-json\/wp\/v2\/pages\/8626\" \/><div class=\"emd-form-row emd-row emd-ahp-row\"><div class=\"emd-form-field emd-col emd-md-12 emd-sm-12 emd-xs-12\" data-field=\"company\"><div class=\"emd-form-group\"><label class=\"emd-control-label company\" for=\"company\"><span id=\"label_company\">Company<\/span><span class=\"emd-fieldicons-wrap\">\n\t\t<a data-html=\"true\" href=\"#\" tabindex=-1 data-toggle=\"tooltip\" style=\"display:none;\" id=\"info_company\" class=\"helptip\">\n\t\t<span class=\"field-icons info\"><\/span><\/a><a href=\"#\" data-html=\"true\" tabindex=-1 data-toggle=\"tooltip\" title=\"Company field is required\" id=\"req_company\" class=\"helptip\" style=\"display:none;\">\n\t\t<span class=\"field-icons required\"><\/span>\n\t\t<span class=\"field-icons-required-text\">Obligatorio<\/span>\n\t\t<\/a>\n\t\t<\/span>\n\t\t<\/label><input type=\"text\" name=\"search_tickets0_company\" id=\"search_tickets0_company\" class=\"text emd-ahp emd-input-md emd-form-control\" autocomplete=\"off\"\/><\/div><\/div><\/div><div class=\"emd-form-row emd-row\"><div class=\"emd-form-field emd-col emd-md-12 emd-sm-12 emd-xs-12\" data-field=\"emd_ticket_id\"><div class=\"emd-form-group\"><label class=\"emd-control-label emd_ticket_id\" for=\"emd_ticket_id\"><span id=\"label_emd_ticket_id\">N\u00ba de referencia<\/span><span class=\"emd-fieldicons-wrap\">\n\t\t<a data-html=\"true\" href=\"#\" tabindex=-1 data-toggle=\"tooltip\" title=\"Unique identifier for a ticket\" id=\"info_emd_ticket_id\" class=\"helptip\">\n\t\t<span class=\"field-icons info\"><\/span><\/a><a href=\"#\" data-html=\"true\" tabindex=-1 data-toggle=\"tooltip\" title=\"N\u00ba de referencia field is required\" id=\"req_emd_ticket_id\" class=\"helptip\">\n\t\t<span class=\"field-icons required\"><\/span>\n\t\t<span class=\"field-icons-required-text\">Obligatorio<\/span>\n\t\t<\/a>\n\t\t<\/span>\n\t\t<\/label><input type=\"text\" name=\"emd_ticket_id\" id=\"emd_ticket_id\" class=\"text required emd-input-md emd-form-control\" placeholder=\"N\u00ba de referencia\" autocomplete=\"off\"\/><\/div><\/div><\/div><div class=\"emd-form-row emd-row\"><div class=\"emd-form-field emd-col emd-md-12 emd-sm-12 emd-xs-12\" data-field=\"emd_ticket_email\"><div class=\"emd-form-group\"><label class=\"emd-control-label emd_ticket_email\" for=\"emd_ticket_email\"><span id=\"label_emd_ticket_email\">Email<\/span><span class=\"emd-fieldicons-wrap\">\n\t\t<a data-html=\"true\" href=\"#\" tabindex=-1 data-toggle=\"tooltip\" title=\"Introduzca aqu\u00ed el correo que inform\u00f3 en la creaci\u00f3n de la denuncia.\" id=\"info_emd_ticket_email\" class=\"helptip\">\n\t\t<span class=\"field-icons info\"><\/span><\/a><a href=\"#\" data-html=\"true\" tabindex=-1 data-toggle=\"tooltip\" title=\"Email field is required\" id=\"req_emd_ticket_email\" class=\"helptip\" style=\"display:none;\">\n\t\t<span class=\"field-icons required\"><\/span>\n\t\t<span class=\"field-icons-required-text\">Obligatorio<\/span>\n\t\t<\/a>\n\t\t<\/span>\n\t\t<\/label><input type=\"text\" name=\"emd_ticket_email\" id=\"emd_ticket_email\" class=\"text emd-input-md emd-form-control\" placeholder=\"Email\" autocomplete=\"off\"\/><\/div><\/div><\/div><div class=\"emd-row emd-form-submit-row\"><button class='emd-form-search emd-btn emd-btn-primary emd-btn-large emd-btn-block' type='submit' value='submit' name='submit_search_tickets'><i class='fa fa-fw fas fa-search' aria-hidden='true'><\/i>Consultar denuncia<\/button><\/div><\/form><\/div><!--container-end-->\n","protected":false},"excerpt":{"rendered":"<p>Consultar denuncias<\/p>\n","protected":false},"author":1,"featured_media":0,"parent":0,"menu_order":0,"comment_status":"closed","ping_status":"closed","template":"","meta":{"_themeisle_gutenberg_block_has_review":false,"footnotes":""},"class_list":["post-8626","page","type-page","status-publish","hentry"],"yoast_head":"<!-- This site is optimized with the Yoast SEO plugin v24.2 - https:\/\/yoast.com\/wordpress\/plugins\/seo\/ -->\n<title>Buscar denuncias - Aeronautical Training Canarias<\/title>\n<meta name=\"robots\" content=\"index, follow, max-snippet:-1, max-image-preview:large, max-video-preview:-1\" \/>\n<link rel=\"canonical\" href=\"https:\/\/www.aeronauticaltrainingcanarias.com\/index.php\/buscar-denuncias\/\" \/>\n<meta property=\"og:locale\" content=\"es_ES\" \/>\n<meta property=\"og:type\" content=\"article\" \/>\n<meta property=\"og:title\" content=\"Buscar denuncias - Aeronautical Training Canarias\" \/>\n<meta property=\"og:description\" content=\"Consultar denuncias\" \/>\n<meta property=\"og:url\" content=\"https:\/\/www.aeronauticaltrainingcanarias.com\/index.php\/buscar-denuncias\/\" \/>\n<meta property=\"og:site_name\" content=\"Aeronautical Training Canarias\" \/>\n<meta property=\"article:modified_time\" content=\"2025-02-24T16:01:03+00:00\" \/>\n<meta name=\"twitter:card\" content=\"summary_large_image\" \/>\n<meta name=\"twitter:label1\" content=\"Tiempo de lectura\" \/>\n\t<meta name=\"twitter:data1\" content=\"1 minuto\" \/>\n<script type=\"application\/ld+json\" class=\"yoast-schema-graph\">{\"@context\":\"https:\/\/schema.org\",\"@graph\":[{\"@type\":\"WebPage\",\"@id\":\"https:\/\/www.aeronauticaltrainingcanarias.com\/index.php\/buscar-denuncias\/\",\"url\":\"https:\/\/www.aeronauticaltrainingcanarias.com\/index.php\/buscar-denuncias\/\",\"name\":\"Buscar denuncias - Aeronautical Training Canarias\",\"isPartOf\":{\"@id\":\"https:\/\/www.aeronauticaltrainingcanarias.com\/#website\"},\"datePublished\":\"2025-02-20T15:08:18+00:00\",\"dateModified\":\"2025-02-24T16:01:03+00:00\",\"breadcrumb\":{\"@id\":\"https:\/\/www.aeronauticaltrainingcanarias.com\/index.php\/buscar-denuncias\/#breadcrumb\"},\"inLanguage\":\"es\",\"potentialAction\":[{\"@type\":\"ReadAction\",\"target\":[\"https:\/\/www.aeronauticaltrainingcanarias.com\/index.php\/buscar-denuncias\/\"]}]},{\"@type\":\"BreadcrumbList\",\"@id\":\"https:\/\/www.aeronauticaltrainingcanarias.com\/index.php\/buscar-denuncias\/#breadcrumb\",\"itemListElement\":[{\"@type\":\"ListItem\",\"position\":1,\"name\":\"Portada\",\"item\":\"https:\/\/www.aeronauticaltrainingcanarias.com\/\"},{\"@type\":\"ListItem\",\"position\":2,\"name\":\"Buscar denuncias\"}]},{\"@type\":\"WebSite\",\"@id\":\"https:\/\/www.aeronauticaltrainingcanarias.com\/#website\",\"url\":\"https:\/\/www.aeronauticaltrainingcanarias.com\/\",\"name\":\"Aeronautical Training Canarias\",\"description\":\"\",\"publisher\":{\"@id\":\"https:\/\/www.aeronauticaltrainingcanarias.com\/#organization\"},\"potentialAction\":[{\"@type\":\"SearchAction\",\"target\":{\"@type\":\"EntryPoint\",\"urlTemplate\":\"https:\/\/www.aeronauticaltrainingcanarias.com\/?s={search_term_string}\"},\"query-input\":{\"@type\":\"PropertyValueSpecification\",\"valueRequired\":true,\"valueName\":\"search_term_string\"}}],\"inLanguage\":\"es\"},{\"@type\":\"Organization\",\"@id\":\"https:\/\/www.aeronauticaltrainingcanarias.com\/#organization\",\"name\":\"Aeronautical Training Canarias\",\"url\":\"https:\/\/www.aeronauticaltrainingcanarias.com\/\",\"logo\":{\"@type\":\"ImageObject\",\"inLanguage\":\"es\",\"@id\":\"https:\/\/www.aeronauticaltrainingcanarias.com\/#\/schema\/logo\/image\/\",\"url\":\"https:\/\/www.aeronauticaltrainingcanarias.com\/wp-content\/uploads\/2023\/05\/cropped-Marca_Aeronautical_NT_exterior.png\",\"contentUrl\":\"https:\/\/www.aeronauticaltrainingcanarias.com\/wp-content\/uploads\/2023\/05\/cropped-Marca_Aeronautical_NT_exterior.png\",\"width\":3502,\"height\":293,\"caption\":\"Aeronautical Training Canarias\"},\"image\":{\"@id\":\"https:\/\/www.aeronauticaltrainingcanarias.com\/#\/schema\/logo\/image\/\"}}]}<\/script>\n<!-- \/ Yoast SEO plugin. -->","yoast_head_json":{"title":"Buscar denuncias - Aeronautical Training Canarias","robots":{"index":"index","follow":"follow","max-snippet":"max-snippet:-1","max-image-preview":"max-image-preview:large","max-video-preview":"max-video-preview:-1"},"canonical":"https:\/\/www.aeronauticaltrainingcanarias.com\/index.php\/buscar-denuncias\/","og_locale":"es_ES","og_type":"article","og_title":"Buscar denuncias - Aeronautical Training Canarias","og_description":"Consultar denuncias","og_url":"https:\/\/www.aeronauticaltrainingcanarias.com\/index.php\/buscar-denuncias\/","og_site_name":"Aeronautical Training Canarias","article_modified_time":"2025-02-24T16:01:03+00:00","twitter_card":"summary_large_image","twitter_misc":{"Tiempo de lectura":"1 minuto"},"schema":{"@context":"https:\/\/schema.org","@graph":[{"@type":"WebPage","@id":"https:\/\/www.aeronauticaltrainingcanarias.com\/index.php\/buscar-denuncias\/","url":"https:\/\/www.aeronauticaltrainingcanarias.com\/index.php\/buscar-denuncias\/","name":"Buscar denuncias - Aeronautical Training Canarias","isPartOf":{"@id":"https:\/\/www.aeronauticaltrainingcanarias.com\/#website"},"datePublished":"2025-02-20T15:08:18+00:00","dateModified":"2025-02-24T16:01:03+00:00","breadcrumb":{"@id":"https:\/\/www.aeronauticaltrainingcanarias.com\/index.php\/buscar-denuncias\/#breadcrumb"},"inLanguage":"es","potentialAction":[{"@type":"ReadAction","target":["https:\/\/www.aeronauticaltrainingcanarias.com\/index.php\/buscar-denuncias\/"]}]},{"@type":"BreadcrumbList","@id":"https:\/\/www.aeronauticaltrainingcanarias.com\/index.php\/buscar-denuncias\/#breadcrumb","itemListElement":[{"@type":"ListItem","position":1,"name":"Portada","item":"https:\/\/www.aeronauticaltrainingcanarias.com\/"},{"@type":"ListItem","position":2,"name":"Buscar denuncias"}]},{"@type":"WebSite","@id":"https:\/\/www.aeronauticaltrainingcanarias.com\/#website","url":"https:\/\/www.aeronauticaltrainingcanarias.com\/","name":"Aeronautical Training Canarias","description":"","publisher":{"@id":"https:\/\/www.aeronauticaltrainingcanarias.com\/#organization"},"potentialAction":[{"@type":"SearchAction","target":{"@type":"EntryPoint","urlTemplate":"https:\/\/www.aeronauticaltrainingcanarias.com\/?s={search_term_string}"},"query-input":{"@type":"PropertyValueSpecification","valueRequired":true,"valueName":"search_term_string"}}],"inLanguage":"es"},{"@type":"Organization","@id":"https:\/\/www.aeronauticaltrainingcanarias.com\/#organization","name":"Aeronautical Training Canarias","url":"https:\/\/www.aeronauticaltrainingcanarias.com\/","logo":{"@type":"ImageObject","inLanguage":"es","@id":"https:\/\/www.aeronauticaltrainingcanarias.com\/#\/schema\/logo\/image\/","url":"https:\/\/www.aeronauticaltrainingcanarias.com\/wp-content\/uploads\/2023\/05\/cropped-Marca_Aeronautical_NT_exterior.png","contentUrl":"https:\/\/www.aeronauticaltrainingcanarias.com\/wp-content\/uploads\/2023\/05\/cropped-Marca_Aeronautical_NT_exterior.png","width":3502,"height":293,"caption":"Aeronautical Training Canarias"},"image":{"@id":"https:\/\/www.aeronauticaltrainingcanarias.com\/#\/schema\/logo\/image\/"}}]}},"_links":{"self":[{"href":"https:\/\/www.aeronauticaltrainingcanarias.com\/index.php\/wp-json\/wp\/v2\/pages\/8626","targetHints":{"allow":["GET"]}}],"collection":[{"href":"https:\/\/www.aeronauticaltrainingcanarias.com\/index.php\/wp-json\/wp\/v2\/pages"}],"about":[{"href":"https:\/\/www.aeronauticaltrainingcanarias.com\/index.php\/wp-json\/wp\/v2\/types\/page"}],"author":[{"embeddable":true,"href":"https:\/\/www.aeronauticaltrainingcanarias.com\/index.php\/wp-json\/wp\/v2\/users\/1"}],"replies":[{"embeddable":true,"href":"https:\/\/www.aeronauticaltrainingcanarias.com\/index.php\/wp-json\/wp\/v2\/comments?post=8626"}],"version-history":[{"count":2,"href":"https:\/\/www.aeronauticaltrainingcanarias.com\/index.php\/wp-json\/wp\/v2\/pages\/8626\/revisions"}],"predecessor-version":[{"id":8869,"href":"https:\/\/www.aeronauticaltrainingcanarias.com\/index.php\/wp-json\/wp\/v2\/pages\/8626\/revisions\/8869"}],"wp:attachment":[{"href":"https:\/\/www.aeronauticaltrainingcanarias.com\/index.php\/wp-json\/wp\/v2\/media?parent=8626"}],"curies":[{"name":"wp","href":"https:\/\/api.w.org\/{rel}","templated":true}]}}