{"id":8628,"date":"2025-02-20T15:09:03","date_gmt":"2025-02-20T15:09:03","guid":{"rendered":"https:\/\/www.aeronauticaltrainingcanarias.com\/?page_id=8628"},"modified":"2025-02-20T15:09:04","modified_gmt":"2025-02-20T15:09:04","slug":"canal-interno-de-informacion","status":"publish","type":"page","link":"https:\/\/www.aeronauticaltrainingcanarias.com\/index.php\/canal-interno-de-informacion\/","title":{"rendered":"Canal interno de informaci\u00f3n"},"content":{"rendered":"\n<div class=\"section-title-group\"><h2 class=\"section-title\">Canal interno de informaci\u00f3n<\/h2><\/div>\n\n\n\n<p class=\"has-text-align-center\">El procedimiento de gesti\u00f3n y tramitaci\u00f3n de informaciones establecido conforme a las disposiciones&nbsp;establecidas&nbsp;en la Ley 2\/2023, se puede consultar en el siguiente&nbsp;<a href=\"\/index.php\/protocolo\/\">enlace<\/a><\/p>\n\n\n\n<div style=\"display:flex;align-items:center;justify-content:center;gap:6rem;\">\n\t<a href=\/index.php\/nueva-denuncia\" class=\"button-primary\">Denuncia<\/a>\n\t<a href=\"\/index.php\/buscar-denuncias\/\" class=\"button-primary\">Consultar denuncias<\/a>\n<\/div>\n\n","protected":false},"excerpt":{"rendered":"<p>Canal interno de informaci\u00f3n El procedimiento de gesti\u00f3n y tramitaci\u00f3n de informaciones establecido conforme a las disposiciones&nbsp;establecidas&nbsp;en la Ley 2\/2023, se puede consultar en el siguiente&nbsp;enlace<\/p>\n","protected":false},"author":1,"featured_media":0,"parent":0,"menu_order":0,"comment_status":"closed","ping_status":"closed","template":"","meta":{"_themeisle_gutenberg_block_has_review":false,"footnotes":""},"class_list":["post-8628","page","type-page","status-publish","hentry"],"yoast_head":"<!-- This site is optimized with the Yoast SEO plugin v24.2 - https:\/\/yoast.com\/wordpress\/plugins\/seo\/ -->\n<title>Canal interno de informaci\u00f3n - Aeronautical Training Canarias<\/title>\n<meta name=\"robots\" content=\"index, follow, max-snippet:-1, max-image-preview:large, max-video-preview:-1\" \/>\n<link rel=\"canonical\" href=\"https:\/\/www.aeronauticaltrainingcanarias.com\/index.php\/canal-interno-de-informacion\/\" \/>\n<meta property=\"og:locale\" content=\"es_ES\" \/>\n<meta property=\"og:type\" content=\"article\" \/>\n<meta property=\"og:title\" content=\"Canal interno de informaci\u00f3n - Aeronautical Training Canarias\" \/>\n<meta property=\"og:description\" content=\"Canal interno de informaci\u00f3n El procedimiento de gesti\u00f3n y tramitaci\u00f3n de informaciones establecido conforme a las disposiciones&nbsp;establecidas&nbsp;en la Ley 2\/2023, se puede consultar en el siguiente&nbsp;enlace\" \/>\n<meta property=\"og:url\" content=\"https:\/\/www.aeronauticaltrainingcanarias.com\/index.php\/canal-interno-de-informacion\/\" \/>\n<meta property=\"og:site_name\" content=\"Aeronautical Training Canarias\" \/>\n<meta property=\"article:modified_time\" content=\"2025-02-20T15:09:04+00:00\" \/>\n<meta name=\"twitter:card\" content=\"summary_large_image\" \/>\n<meta name=\"twitter:label1\" content=\"Tiempo de lectura\" \/>\n\t<meta name=\"twitter:data1\" content=\"1 minuto\" \/>\n<script type=\"application\/ld+json\" class=\"yoast-schema-graph\">{\"@context\":\"https:\/\/schema.org\",\"@graph\":[{\"@type\":\"WebPage\",\"@id\":\"https:\/\/www.aeronauticaltrainingcanarias.com\/index.php\/canal-interno-de-informacion\/\",\"url\":\"https:\/\/www.aeronauticaltrainingcanarias.com\/index.php\/canal-interno-de-informacion\/\",\"name\":\"Canal interno de informaci\u00f3n - Aeronautical Training Canarias\",\"isPartOf\":{\"@id\":\"https:\/\/www.aeronauticaltrainingcanarias.com\/#website\"},\"datePublished\":\"2025-02-20T15:09:03+00:00\",\"dateModified\":\"2025-02-20T15:09:04+00:00\",\"breadcrumb\":{\"@id\":\"https:\/\/www.aeronauticaltrainingcanarias.com\/index.php\/canal-interno-de-informacion\/#breadcrumb\"},\"inLanguage\":\"es\",\"potentialAction\":[{\"@type\":\"ReadAction\",\"target\":[\"https:\/\/www.aeronauticaltrainingcanarias.com\/index.php\/canal-interno-de-informacion\/\"]}]},{\"@type\":\"BreadcrumbList\",\"@id\":\"https:\/\/www.aeronauticaltrainingcanarias.com\/index.php\/canal-interno-de-informacion\/#breadcrumb\",\"itemListElement\":[{\"@type\":\"ListItem\",\"position\":1,\"name\":\"Portada\",\"item\":\"https:\/\/www.aeronauticaltrainingcanarias.com\/\"},{\"@type\":\"ListItem\",\"position\":2,\"name\":\"Canal interno de informaci\u00f3n\"}]},{\"@type\":\"WebSite\",\"@id\":\"https:\/\/www.aeronauticaltrainingcanarias.com\/#website\",\"url\":\"https:\/\/www.aeronauticaltrainingcanarias.com\/\",\"name\":\"Aeronautical Training Canarias\",\"description\":\"\",\"publisher\":{\"@id\":\"https:\/\/www.aeronauticaltrainingcanarias.com\/#organization\"},\"potentialAction\":[{\"@type\":\"SearchAction\",\"target\":{\"@type\":\"EntryPoint\",\"urlTemplate\":\"https:\/\/www.aeronauticaltrainingcanarias.com\/?s={search_term_string}\"},\"query-input\":{\"@type\":\"PropertyValueSpecification\",\"valueRequired\":true,\"valueName\":\"search_term_string\"}}],\"inLanguage\":\"es\"},{\"@type\":\"Organization\",\"@id\":\"https:\/\/www.aeronauticaltrainingcanarias.com\/#organization\",\"name\":\"Aeronautical Training Canarias\",\"url\":\"https:\/\/www.aeronauticaltrainingcanarias.com\/\",\"logo\":{\"@type\":\"ImageObject\",\"inLanguage\":\"es\",\"@id\":\"https:\/\/www.aeronauticaltrainingcanarias.com\/#\/schema\/logo\/image\/\",\"url\":\"https:\/\/www.aeronauticaltrainingcanarias.com\/wp-content\/uploads\/2023\/05\/cropped-Marca_Aeronautical_NT_exterior.png\",\"contentUrl\":\"https:\/\/www.aeronauticaltrainingcanarias.com\/wp-content\/uploads\/2023\/05\/cropped-Marca_Aeronautical_NT_exterior.png\",\"width\":3502,\"height\":293,\"caption\":\"Aeronautical Training Canarias\"},\"image\":{\"@id\":\"https:\/\/www.aeronauticaltrainingcanarias.com\/#\/schema\/logo\/image\/\"}}]}<\/script>\n<!-- \/ Yoast SEO plugin. -->","yoast_head_json":{"title":"Canal interno de informaci\u00f3n - Aeronautical Training Canarias","robots":{"index":"index","follow":"follow","max-snippet":"max-snippet:-1","max-image-preview":"max-image-preview:large","max-video-preview":"max-video-preview:-1"},"canonical":"https:\/\/www.aeronauticaltrainingcanarias.com\/index.php\/canal-interno-de-informacion\/","og_locale":"es_ES","og_type":"article","og_title":"Canal interno de informaci\u00f3n - Aeronautical Training Canarias","og_description":"Canal interno de informaci\u00f3n El procedimiento de gesti\u00f3n y tramitaci\u00f3n de informaciones establecido conforme a las disposiciones&nbsp;establecidas&nbsp;en la Ley 2\/2023, se puede consultar en el siguiente&nbsp;enlace","og_url":"https:\/\/www.aeronauticaltrainingcanarias.com\/index.php\/canal-interno-de-informacion\/","og_site_name":"Aeronautical Training Canarias","article_modified_time":"2025-02-20T15:09:04+00:00","twitter_card":"summary_large_image","twitter_misc":{"Tiempo de lectura":"1 minuto"},"schema":{"@context":"https:\/\/schema.org","@graph":[{"@type":"WebPage","@id":"https:\/\/www.aeronauticaltrainingcanarias.com\/index.php\/canal-interno-de-informacion\/","url":"https:\/\/www.aeronauticaltrainingcanarias.com\/index.php\/canal-interno-de-informacion\/","name":"Canal interno de informaci\u00f3n - Aeronautical Training Canarias","isPartOf":{"@id":"https:\/\/www.aeronauticaltrainingcanarias.com\/#website"},"datePublished":"2025-02-20T15:09:03+00:00","dateModified":"2025-02-20T15:09:04+00:00","breadcrumb":{"@id":"https:\/\/www.aeronauticaltrainingcanarias.com\/index.php\/canal-interno-de-informacion\/#breadcrumb"},"inLanguage":"es","potentialAction":[{"@type":"ReadAction","target":["https:\/\/www.aeronauticaltrainingcanarias.com\/index.php\/canal-interno-de-informacion\/"]}]},{"@type":"BreadcrumbList","@id":"https:\/\/www.aeronauticaltrainingcanarias.com\/index.php\/canal-interno-de-informacion\/#breadcrumb","itemListElement":[{"@type":"ListItem","position":1,"name":"Portada","item":"https:\/\/www.aeronauticaltrainingcanarias.com\/"},{"@type":"ListItem","position":2,"name":"Canal interno de informaci\u00f3n"}]},{"@type":"WebSite","@id":"https:\/\/www.aeronauticaltrainingcanarias.com\/#website","url":"https:\/\/www.aeronauticaltrainingcanarias.com\/","name":"Aeronautical Training Canarias","description":"","publisher":{"@id":"https:\/\/www.aeronauticaltrainingcanarias.com\/#organization"},"potentialAction":[{"@type":"SearchAction","target":{"@type":"EntryPoint","urlTemplate":"https:\/\/www.aeronauticaltrainingcanarias.com\/?s={search_term_string}"},"query-input":{"@type":"PropertyValueSpecification","valueRequired":true,"valueName":"search_term_string"}}],"inLanguage":"es"},{"@type":"Organization","@id":"https:\/\/www.aeronauticaltrainingcanarias.com\/#organization","name":"Aeronautical Training Canarias","url":"https:\/\/www.aeronauticaltrainingcanarias.com\/","logo":{"@type":"ImageObject","inLanguage":"es","@id":"https:\/\/www.aeronauticaltrainingcanarias.com\/#\/schema\/logo\/image\/","url":"https:\/\/www.aeronauticaltrainingcanarias.com\/wp-content\/uploads\/2023\/05\/cropped-Marca_Aeronautical_NT_exterior.png","contentUrl":"https:\/\/www.aeronauticaltrainingcanarias.com\/wp-content\/uploads\/2023\/05\/cropped-Marca_Aeronautical_NT_exterior.png","width":3502,"height":293,"caption":"Aeronautical Training Canarias"},"image":{"@id":"https:\/\/www.aeronauticaltrainingcanarias.com\/#\/schema\/logo\/image\/"}}]}},"_links":{"self":[{"href":"https:\/\/www.aeronauticaltrainingcanarias.com\/index.php\/wp-json\/wp\/v2\/pages\/8628","targetHints":{"allow":["GET"]}}],"collection":[{"href":"https:\/\/www.aeronauticaltrainingcanarias.com\/index.php\/wp-json\/wp\/v2\/pages"}],"about":[{"href":"https:\/\/www.aeronauticaltrainingcanarias.com\/index.php\/wp-json\/wp\/v2\/types\/page"}],"author":[{"embeddable":true,"href":"https:\/\/www.aeronauticaltrainingcanarias.com\/index.php\/wp-json\/wp\/v2\/users\/1"}],"replies":[{"embeddable":true,"href":"https:\/\/www.aeronauticaltrainingcanarias.com\/index.php\/wp-json\/wp\/v2\/comments?post=8628"}],"version-history":[{"count":1,"href":"https:\/\/www.aeronauticaltrainingcanarias.com\/index.php\/wp-json\/wp\/v2\/pages\/8628\/revisions"}],"predecessor-version":[{"id":8629,"href":"https:\/\/www.aeronauticaltrainingcanarias.com\/index.php\/wp-json\/wp\/v2\/pages\/8628\/revisions\/8629"}],"wp:attachment":[{"href":"https:\/\/www.aeronauticaltrainingcanarias.com\/index.php\/wp-json\/wp\/v2\/media?parent=8628"}],"curies":[{"name":"wp","href":"https:\/\/api.w.org\/{rel}","templated":true}]}}