{"id":8630,"date":"2025-02-20T15:09:47","date_gmt":"2025-02-20T15:09:47","guid":{"rendered":"https:\/\/www.aeronauticaltrainingcanarias.com\/?page_id=8630"},"modified":"2025-02-24T15:59:52","modified_gmt":"2025-02-24T15:59:52","slug":"nueva-denuncia","status":"publish","type":"page","link":"https:\/\/www.aeronauticaltrainingcanarias.com\/index.php\/nueva-denuncia\/","title":{"rendered":"Nueva denuncia"},"content":{"rendered":"\n<div class=\"section-title-group\"><h2 class=\"section-title\">Nueva denuncia<\/h2><\/div>\n\n<div style='position:relative;' id='submit_tickets-submit' class='emd-form emd-container'><form id='submit_tickets' action='\/index.php\/wp-json\/wp\/v2\/pages\/8630' method='post' class='emd-form-container emd-form-horizontal'><input type='hidden' value='submit_tickets' name='form_name' id='form_name_0'><input type='hidden' value='8624' name='emd_form_id' id='emd_form_id_0'><input type='hidden' value='wp_ticket_com' name='emd_app' id='emd_app_0'><input type='hidden' value='emd_ticket' name='emd_ent' id='emd_ent_0'><input type='hidden' value='0' name='emd_step' id='emd_step_0'><input type=\"hidden\" id=\"submit_tickets_0_nonce\" name=\"submit_tickets_0_nonce\" value=\"f4ef150060\" \/><input type=\"hidden\" name=\"_wp_http_referer\" value=\"\/index.php\/wp-json\/wp\/v2\/pages\/8630\" \/><input type='hidden' value='submit_tickets' name='wpas_form_name'><input type='hidden' value='Visitor' name='wpas_form_submitted_by'><input type='hidden' value='10.66.225.8' name='wpas_form_submitted_ip'><div class=\"emd-form-row emd-row emd-ahp-row\"><div class=\"emd-form-field emd-col emd-md-12 emd-sm-12 emd-xs-12\" data-field=\"twitter\"><div class=\"emd-form-group\"><label class=\"emd-control-label twitter\" for=\"twitter\"><span id=\"label_twitter\">Twitter<\/span><span class=\"emd-fieldicons-wrap\">\n\t\t<a data-html=\"true\" href=\"#\" tabindex=-1 data-toggle=\"tooltip\" style=\"display:none;\" id=\"info_twitter\" class=\"helptip\">\n\t\t<span class=\"field-icons info\"><\/span><\/a><a href=\"#\" data-html=\"true\" tabindex=-1 data-toggle=\"tooltip\" title=\"Twitter field is required\" id=\"req_twitter\" class=\"helptip\" style=\"display:none;\">\n\t\t<span class=\"field-icons required\"><\/span>\n\t\t<span class=\"field-icons-required-text\">Obligatorio<\/span>\n\t\t<\/a>\n\t\t<\/span>\n\t\t<\/label><input type=\"text\" name=\"submit_tickets0_twitter\" id=\"submit_tickets0_twitter\" class=\"text emd-ahp emd-input-md emd-form-control\" autocomplete=\"off\"\/><\/div><\/div><\/div><input type='hidden' name='emd_ticket_id' value='emd_uid'><div class=\"emd-form-row emd-row\"><div class=\"emd-form-field emd-col emd-md-12 emd-sm-12 emd-xs-12\" data-field=\"emd_ticket_first_name\"><div class=\"emd-form-group\"><label class=\"emd-control-label emd_ticket_first_name\" for=\"emd_ticket_first_name\"><span id=\"label_emd_ticket_first_name\">Nombre<\/span><span class=\"emd-fieldicons-wrap\">\n\t\t<a data-html=\"true\" href=\"#\" tabindex=-1 data-toggle=\"tooltip\" style=\"display:none;\" id=\"info_emd_ticket_first_name\" class=\"helptip\">\n\t\t<span class=\"field-icons info\"><\/span><\/a><a href=\"#\" data-html=\"true\" tabindex=-1 data-toggle=\"tooltip\" title=\"Nombre field is required\" id=\"req_emd_ticket_first_name\" class=\"helptip\" style=\"display:none;\">\n\t\t<span class=\"field-icons required\"><\/span>\n\t\t<span class=\"field-icons-required-text\">Obligatorio<\/span>\n\t\t<\/a>\n\t\t<\/span>\n\t\t<\/label><input type=\"text\" name=\"emd_ticket_first_name\" id=\"emd_ticket_first_name\" class=\"text emd-input-md emd-form-control\" placeholder=\"Nombre\"\/><\/div><\/div><\/div><div class=\"emd-form-row emd-row\"><div class=\"emd-form-field emd-col emd-md-12 emd-sm-12 emd-xs-12\" data-field=\"emd_ticket_last_name\"><div class=\"emd-form-group\"><label class=\"emd-control-label emd_ticket_last_name\" for=\"emd_ticket_last_name\"><span id=\"label_emd_ticket_last_name\">Apellidos<\/span><span class=\"emd-fieldicons-wrap\">\n\t\t<a data-html=\"true\" href=\"#\" tabindex=-1 data-toggle=\"tooltip\" style=\"display:none;\" id=\"info_emd_ticket_last_name\" class=\"helptip\">\n\t\t<span class=\"field-icons info\"><\/span><\/a><a href=\"#\" data-html=\"true\" tabindex=-1 data-toggle=\"tooltip\" title=\"Apellidos field is required\" id=\"req_emd_ticket_last_name\" class=\"helptip\" style=\"display:none;\">\n\t\t<span class=\"field-icons required\"><\/span>\n\t\t<span class=\"field-icons-required-text\">Obligatorio<\/span>\n\t\t<\/a>\n\t\t<\/span>\n\t\t<\/label><input type=\"text\" name=\"emd_ticket_last_name\" id=\"emd_ticket_last_name\" class=\"text emd-input-md emd-form-control\" placeholder=\"Apellidos\"\/><\/div><\/div><\/div><div class=\"emd-form-row emd-row\"><div class=\"emd-form-field emd-col emd-md-12 emd-sm-12 emd-xs-12\" data-field=\"emd_ticket_email\"><div class=\"emd-form-group\"><label class=\"emd-control-label emd_ticket_email\" for=\"emd_ticket_email\"><span id=\"label_emd_ticket_email\">Email<\/span><span class=\"emd-fieldicons-wrap\">\n\t\t<a data-html=\"true\" href=\"#\" tabindex=-1 data-toggle=\"tooltip\" title=\"Este campo es opcional, en caso de rellenarlo lo utilizaremos para contactar con usted cualquier novedad sobre la denuncia. De lo contrario ser\u00e1 una denuncia an\u00f3nima.\" id=\"info_emd_ticket_email\" class=\"helptip\">\n\t\t<span class=\"field-icons info\"><\/span><\/a><a href=\"#\" data-html=\"true\" tabindex=-1 data-toggle=\"tooltip\" title=\"Email field is required\" id=\"req_emd_ticket_email\" class=\"helptip\" style=\"display:none;\">\n\t\t<span class=\"field-icons required\"><\/span>\n\t\t<span class=\"field-icons-required-text\">Obligatorio<\/span>\n\t\t<\/a>\n\t\t<\/span>\n\t\t<\/label><input type=\"text\" name=\"emd_ticket_email\" id=\"emd_ticket_email\" class=\"text email emd-input-md emd-form-control\" placeholder=\"Email\"\/><\/div><\/div><\/div><div class=\"emd-form-row emd-row\"><div class=\"emd-form-field emd-col emd-md-12 emd-sm-12 emd-xs-12\" data-field=\"blt_content\"><div class=\"emd-form-group\"><label class=\"emd-control-label blt_content\" for=\"blt_content\"><span id=\"label_blt_content\">Mensaje<\/span><span class=\"emd-fieldicons-wrap\">\n\t\t<a data-html=\"true\" href=\"#\" tabindex=-1 data-toggle=\"tooltip\" title=\"Mensaje\" id=\"info_blt_content\" class=\"helptip\">\n\t\t<span class=\"field-icons info\"><\/span><\/a><a href=\"#\" data-html=\"true\" tabindex=-1 data-toggle=\"tooltip\" title=\"Mensaje field is required\" id=\"req_blt_content\" class=\"helptip\">\n\t\t<span class=\"field-icons required\"><\/span>\n\t\t<span class=\"field-icons-required-text\">Obligatorio<\/span>\n\t\t<\/a>\n\t\t<\/span>\n\t\t<\/label><textarea name=\"blt_content\" id=\"blt_content\" rows=5 class=\"emd-form-control emd-sumnote\" placeholder=\"Mensaje\"><\/textarea><\/div><\/div><\/div><div class=\"emd-form-row emd-row\"><div class=\"emd-form-field emd-col emd-md-12 emd-sm-12 emd-xs-12\" data-field=\"emd_ticket_phone\"><div class=\"emd-form-group\"><label class=\"emd-control-label emd_ticket_phone\" for=\"emd_ticket_phone\"><span id=\"label_emd_ticket_phone\">Tel\u00e9fono<\/span><span class=\"emd-fieldicons-wrap\">\n\t\t<a data-html=\"true\" href=\"#\" tabindex=-1 data-toggle=\"tooltip\" title=\"Este campo es opcional, en caso de rellenarlo lo podremos utilizar para contactar con usted cualquier novedad sobre la denuncia.\" id=\"info_emd_ticket_phone\" class=\"helptip\">\n\t\t<span class=\"field-icons info\"><\/span><\/a><a href=\"#\" data-html=\"true\" tabindex=-1 data-toggle=\"tooltip\" title=\"Tel\u00e9fono field is required\" id=\"req_emd_ticket_phone\" class=\"helptip\" style=\"display:none;\">\n\t\t<span class=\"field-icons required\"><\/span>\n\t\t<span class=\"field-icons-required-text\">Obligatorio<\/span>\n\t\t<\/a>\n\t\t<\/span>\n\t\t<\/label><input type=\"text\" name=\"emd_ticket_phone\" id=\"emd_ticket_phone\" class=\"text emd-input-md emd-form-control\" placeholder=\"Tel\u00e9fono\"\/><\/div><\/div><\/div><div class=\"emd-form-row emd-row\"><div class=\"emd-form-field emd-col emd-md-12 emd-sm-12 emd-xs-12\" data-field=\"emd_ticket_attachment\"><div class=\"emd-form-group emd-file-group\"><label class=\"emd-control-label emd_ticket_attachment\" for=\"emd_ticket_attachment\"><span id=\"label_emd_ticket_attachment\">Adjuntos<\/span><span class=\"emd-fieldicons-wrap\">\n\t\t<a data-html=\"true\" href=\"#\" tabindex=-1 data-toggle=\"tooltip\" title=\"Adjunte aqu\u00ed cualquier documentaci\u00f3n que le resulte relevante para resolver la denuncia.\" id=\"info_emd_ticket_attachment\" class=\"helptip\">\n\t\t<span class=\"field-icons info\"><\/span><\/a><a href=\"#\" data-html=\"true\" tabindex=-1 data-toggle=\"tooltip\" title=\"Adjuntos field is required\" id=\"req_emd_ticket_attachment\" class=\"helptip\" style=\"display:none;\">\n\t\t<span class=\"field-icons required\"><\/span>\n\t\t<span class=\"field-icons-required-text\">Obligatorio<\/span>\n\t\t<\/a>\n\t\t<\/span>\n\t\t<\/label><div class=\"emd-small emd-text-muted\"><div class=\"emd-max-file-size\">Max file size: 350000 KB<\/div><\/div><div class=\"emd-form-group\"><input type=\"file\" name=\"emd_ticket_attachment\" id=\"emd_ticket_attachment\" class=\"emd-file\"><\/div><\/div><\/div><\/div><div class='emd-form-row emd-row'><div class='emd-form-field emd-col emd-md-12 emd-sm-12 emd-xs-12'><input type='checkbox' name='politica-privacidad' class='required'><label for='politica-privacidad'>Estoy conforme con la <a href='\/politica-de-privacidad-del-canal-de-informacion' target='_blank'>pol\u00ed\u00adtica de privacidad<\/a><\/label><br><\/div><\/div><div class=\"emd-row emd-form-submit-row\"><button class='emd-form-submit emd-btn emd-btn-success emd-btn-large emd-btn-block' type='submit' value='submit' name='submit_submit_tickets'><i class='fa fa-fw fas fa-angle-double-right' aria-hidden='true'><\/i>Enviar<\/button><\/div><\/form><\/div><!--container-end-->\n\n\n\n<div style=\"height:50px\" aria-hidden=\"true\" class=\"wp-block-spacer\"><\/div>\n\n\n\n<div class=\"wp-block-group bordered\"><div class=\"wp-block-group__inner-container is-layout-constrained wp-block-group-is-layout-constrained\">\n<p style=\"text-align: center;\"><strong>Informaci\u00f3n b\u00e1sica de protecci\u00f3n de datos<\/strong><\/p>\n<p>Responsable: Aeronautical Training Center Canarias, SLU<\/p>\n<p>Finalidad: tramitar las comunicaciones de infracciones que se reciban. Si procede, iniciar la investigaci\u00f3n que corresponda.<\/p>\n<p>Derechos: puede ejercitar su derecho de acceso, rectificaci\u00f3n, supresi\u00f3n y otros, tal como aparece en la informaci\u00f3n ampliada que puede conocer visitando nuestra <a href=\"\/index.php\/politica-privacidad\/\">pol\u00edtica de privacidad<\/a>.<\/p>\n<\/div><\/div>\n","protected":false},"excerpt":{"rendered":"<p>Nueva denuncia Informaci\u00f3n b\u00e1sica de protecci\u00f3n de datos Responsable: Aeronautical Training Center Canarias, SLU Finalidad: tramitar las comunicaciones de infracciones que se reciban. Si procede, iniciar la investigaci\u00f3n que corresponda. Derechos: puede ejercitar su derecho de acceso, rectificaci\u00f3n, supresi\u00f3n y otros, tal como aparece en la informaci\u00f3n ampliada que puede conocer visitando nuestra pol\u00edtica de [&hellip;]<\/p>\n","protected":false},"author":1,"featured_media":0,"parent":0,"menu_order":0,"comment_status":"closed","ping_status":"closed","template":"","meta":{"_themeisle_gutenberg_block_has_review":false,"footnotes":""},"class_list":["post-8630","page","type-page","status-publish","hentry"],"yoast_head":"<!-- This site is optimized with the Yoast SEO plugin v24.2 - https:\/\/yoast.com\/wordpress\/plugins\/seo\/ -->\n<title>Nueva denuncia - Aeronautical Training Canarias<\/title>\n<meta name=\"robots\" content=\"index, follow, max-snippet:-1, max-image-preview:large, max-video-preview:-1\" \/>\n<link rel=\"canonical\" href=\"https:\/\/www.aeronauticaltrainingcanarias.com\/index.php\/nueva-denuncia\/\" \/>\n<meta property=\"og:locale\" content=\"es_ES\" \/>\n<meta property=\"og:type\" content=\"article\" \/>\n<meta property=\"og:title\" content=\"Nueva denuncia - Aeronautical Training Canarias\" \/>\n<meta property=\"og:description\" content=\"Nueva denuncia Informaci\u00f3n b\u00e1sica de protecci\u00f3n de datos Responsable: Aeronautical Training Center Canarias, SLU Finalidad: tramitar las comunicaciones de infracciones que se reciban. Si procede, iniciar la investigaci\u00f3n que corresponda. Derechos: puede ejercitar su derecho de acceso, rectificaci\u00f3n, supresi\u00f3n y otros, tal como aparece en la informaci\u00f3n ampliada que puede conocer visitando nuestra pol\u00edtica de [&hellip;]\" \/>\n<meta property=\"og:url\" content=\"https:\/\/www.aeronauticaltrainingcanarias.com\/index.php\/nueva-denuncia\/\" \/>\n<meta property=\"og:site_name\" content=\"Aeronautical Training Canarias\" \/>\n<meta property=\"article:modified_time\" content=\"2025-02-24T15:59:52+00:00\" \/>\n<meta name=\"twitter:card\" content=\"summary_large_image\" \/>\n<meta name=\"twitter:label1\" content=\"Tiempo de lectura\" \/>\n\t<meta name=\"twitter:data1\" content=\"1 minuto\" \/>\n<script type=\"application\/ld+json\" class=\"yoast-schema-graph\">{\"@context\":\"https:\/\/schema.org\",\"@graph\":[{\"@type\":\"WebPage\",\"@id\":\"https:\/\/www.aeronauticaltrainingcanarias.com\/index.php\/nueva-denuncia\/\",\"url\":\"https:\/\/www.aeronauticaltrainingcanarias.com\/index.php\/nueva-denuncia\/\",\"name\":\"Nueva denuncia - Aeronautical Training Canarias\",\"isPartOf\":{\"@id\":\"https:\/\/www.aeronauticaltrainingcanarias.com\/#website\"},\"datePublished\":\"2025-02-20T15:09:47+00:00\",\"dateModified\":\"2025-02-24T15:59:52+00:00\",\"breadcrumb\":{\"@id\":\"https:\/\/www.aeronauticaltrainingcanarias.com\/index.php\/nueva-denuncia\/#breadcrumb\"},\"inLanguage\":\"es\",\"potentialAction\":[{\"@type\":\"ReadAction\",\"target\":[\"https:\/\/www.aeronauticaltrainingcanarias.com\/index.php\/nueva-denuncia\/\"]}]},{\"@type\":\"BreadcrumbList\",\"@id\":\"https:\/\/www.aeronauticaltrainingcanarias.com\/index.php\/nueva-denuncia\/#breadcrumb\",\"itemListElement\":[{\"@type\":\"ListItem\",\"position\":1,\"name\":\"Portada\",\"item\":\"https:\/\/www.aeronauticaltrainingcanarias.com\/\"},{\"@type\":\"ListItem\",\"position\":2,\"name\":\"Nueva denuncia\"}]},{\"@type\":\"WebSite\",\"@id\":\"https:\/\/www.aeronauticaltrainingcanarias.com\/#website\",\"url\":\"https:\/\/www.aeronauticaltrainingcanarias.com\/\",\"name\":\"Aeronautical Training Canarias\",\"description\":\"\",\"publisher\":{\"@id\":\"https:\/\/www.aeronauticaltrainingcanarias.com\/#organization\"},\"potentialAction\":[{\"@type\":\"SearchAction\",\"target\":{\"@type\":\"EntryPoint\",\"urlTemplate\":\"https:\/\/www.aeronauticaltrainingcanarias.com\/?s={search_term_string}\"},\"query-input\":{\"@type\":\"PropertyValueSpecification\",\"valueRequired\":true,\"valueName\":\"search_term_string\"}}],\"inLanguage\":\"es\"},{\"@type\":\"Organization\",\"@id\":\"https:\/\/www.aeronauticaltrainingcanarias.com\/#organization\",\"name\":\"Aeronautical Training Canarias\",\"url\":\"https:\/\/www.aeronauticaltrainingcanarias.com\/\",\"logo\":{\"@type\":\"ImageObject\",\"inLanguage\":\"es\",\"@id\":\"https:\/\/www.aeronauticaltrainingcanarias.com\/#\/schema\/logo\/image\/\",\"url\":\"https:\/\/www.aeronauticaltrainingcanarias.com\/wp-content\/uploads\/2023\/05\/cropped-Marca_Aeronautical_NT_exterior.png\",\"contentUrl\":\"https:\/\/www.aeronauticaltrainingcanarias.com\/wp-content\/uploads\/2023\/05\/cropped-Marca_Aeronautical_NT_exterior.png\",\"width\":3502,\"height\":293,\"caption\":\"Aeronautical Training Canarias\"},\"image\":{\"@id\":\"https:\/\/www.aeronauticaltrainingcanarias.com\/#\/schema\/logo\/image\/\"}}]}<\/script>\n<!-- \/ Yoast SEO plugin. -->","yoast_head_json":{"title":"Nueva denuncia - Aeronautical Training Canarias","robots":{"index":"index","follow":"follow","max-snippet":"max-snippet:-1","max-image-preview":"max-image-preview:large","max-video-preview":"max-video-preview:-1"},"canonical":"https:\/\/www.aeronauticaltrainingcanarias.com\/index.php\/nueva-denuncia\/","og_locale":"es_ES","og_type":"article","og_title":"Nueva denuncia - Aeronautical Training Canarias","og_description":"Nueva denuncia Informaci\u00f3n b\u00e1sica de protecci\u00f3n de datos Responsable: Aeronautical Training Center Canarias, SLU Finalidad: tramitar las comunicaciones de infracciones que se reciban. Si procede, iniciar la investigaci\u00f3n que corresponda. Derechos: puede ejercitar su derecho de acceso, rectificaci\u00f3n, supresi\u00f3n y otros, tal como aparece en la informaci\u00f3n ampliada que puede conocer visitando nuestra pol\u00edtica de [&hellip;]","og_url":"https:\/\/www.aeronauticaltrainingcanarias.com\/index.php\/nueva-denuncia\/","og_site_name":"Aeronautical Training Canarias","article_modified_time":"2025-02-24T15:59:52+00:00","twitter_card":"summary_large_image","twitter_misc":{"Tiempo de lectura":"1 minuto"},"schema":{"@context":"https:\/\/schema.org","@graph":[{"@type":"WebPage","@id":"https:\/\/www.aeronauticaltrainingcanarias.com\/index.php\/nueva-denuncia\/","url":"https:\/\/www.aeronauticaltrainingcanarias.com\/index.php\/nueva-denuncia\/","name":"Nueva denuncia - Aeronautical Training Canarias","isPartOf":{"@id":"https:\/\/www.aeronauticaltrainingcanarias.com\/#website"},"datePublished":"2025-02-20T15:09:47+00:00","dateModified":"2025-02-24T15:59:52+00:00","breadcrumb":{"@id":"https:\/\/www.aeronauticaltrainingcanarias.com\/index.php\/nueva-denuncia\/#breadcrumb"},"inLanguage":"es","potentialAction":[{"@type":"ReadAction","target":["https:\/\/www.aeronauticaltrainingcanarias.com\/index.php\/nueva-denuncia\/"]}]},{"@type":"BreadcrumbList","@id":"https:\/\/www.aeronauticaltrainingcanarias.com\/index.php\/nueva-denuncia\/#breadcrumb","itemListElement":[{"@type":"ListItem","position":1,"name":"Portada","item":"https:\/\/www.aeronauticaltrainingcanarias.com\/"},{"@type":"ListItem","position":2,"name":"Nueva denuncia"}]},{"@type":"WebSite","@id":"https:\/\/www.aeronauticaltrainingcanarias.com\/#website","url":"https:\/\/www.aeronauticaltrainingcanarias.com\/","name":"Aeronautical Training Canarias","description":"","publisher":{"@id":"https:\/\/www.aeronauticaltrainingcanarias.com\/#organization"},"potentialAction":[{"@type":"SearchAction","target":{"@type":"EntryPoint","urlTemplate":"https:\/\/www.aeronauticaltrainingcanarias.com\/?s={search_term_string}"},"query-input":{"@type":"PropertyValueSpecification","valueRequired":true,"valueName":"search_term_string"}}],"inLanguage":"es"},{"@type":"Organization","@id":"https:\/\/www.aeronauticaltrainingcanarias.com\/#organization","name":"Aeronautical Training Canarias","url":"https:\/\/www.aeronauticaltrainingcanarias.com\/","logo":{"@type":"ImageObject","inLanguage":"es","@id":"https:\/\/www.aeronauticaltrainingcanarias.com\/#\/schema\/logo\/image\/","url":"https:\/\/www.aeronauticaltrainingcanarias.com\/wp-content\/uploads\/2023\/05\/cropped-Marca_Aeronautical_NT_exterior.png","contentUrl":"https:\/\/www.aeronauticaltrainingcanarias.com\/wp-content\/uploads\/2023\/05\/cropped-Marca_Aeronautical_NT_exterior.png","width":3502,"height":293,"caption":"Aeronautical Training Canarias"},"image":{"@id":"https:\/\/www.aeronauticaltrainingcanarias.com\/#\/schema\/logo\/image\/"}}]}},"_links":{"self":[{"href":"https:\/\/www.aeronauticaltrainingcanarias.com\/index.php\/wp-json\/wp\/v2\/pages\/8630","targetHints":{"allow":["GET"]}}],"collection":[{"href":"https:\/\/www.aeronauticaltrainingcanarias.com\/index.php\/wp-json\/wp\/v2\/pages"}],"about":[{"href":"https:\/\/www.aeronauticaltrainingcanarias.com\/index.php\/wp-json\/wp\/v2\/types\/page"}],"author":[{"embeddable":true,"href":"https:\/\/www.aeronauticaltrainingcanarias.com\/index.php\/wp-json\/wp\/v2\/users\/1"}],"replies":[{"embeddable":true,"href":"https:\/\/www.aeronauticaltrainingcanarias.com\/index.php\/wp-json\/wp\/v2\/comments?post=8630"}],"version-history":[{"count":3,"href":"https:\/\/www.aeronauticaltrainingcanarias.com\/index.php\/wp-json\/wp\/v2\/pages\/8630\/revisions"}],"predecessor-version":[{"id":8868,"href":"https:\/\/www.aeronauticaltrainingcanarias.com\/index.php\/wp-json\/wp\/v2\/pages\/8630\/revisions\/8868"}],"wp:attachment":[{"href":"https:\/\/www.aeronauticaltrainingcanarias.com\/index.php\/wp-json\/wp\/v2\/media?parent=8630"}],"curies":[{"name":"wp","href":"https:\/\/api.w.org\/{rel}","templated":true}]}}